{"id":1261,"date":"2024-09-23T15:35:14","date_gmt":"2024-09-23T08:35:14","guid":{"rendered":"https:\/\/hthousevn.com\/?page_id=1261"},"modified":"2025-05-05T17:37:53","modified_gmt":"2025-05-05T10:37:53","slug":"loyalty","status":"publish","type":"page","link":"https:\/\/hthousevn.com\/vi\/loyalty\/","title":{"rendered":"Kh\u00e1ch h\u00e0ng th\u00e2n thi\u1ebft"},"content":{"rendered":"<div data-elementor-type=\"wp-page\" data-elementor-id=\"1261\" class=\"elementor elementor-1261\">\n\t\t\t\t\t\t\t\t\t<section class=\"elementor-section elementor-top-section elementor-element elementor-element-a1d14d4 elementor-section-boxed elementor-section-height-default elementor-section-height-default\" data-id=\"a1d14d4\" data-element_type=\"section\">\n\t\t\t\t\t\t<div class=\"elementor-container elementor-column-gap-default\">\n\t\t\t\t\t<div class=\"elementor-column elementor-col-100 elementor-top-column elementor-element elementor-element-5aee5e5\" data-id=\"5aee5e5\" data-element_type=\"column\">\n\t\t\t<div class=\"elementor-widget-wrap elementor-element-populated\">\n\t\t\t\t\t\t\t\t<div class=\"elementor-element elementor-element-536e673 elementor-widget elementor-widget-heading\" data-id=\"536e673\" data-element_type=\"widget\" data-widget_type=\"heading.default\">\n\t\t\t\t<div class=\"elementor-widget-container\">\n\t\t\t<style>\/*! elementor - v3.7.4 - 31-08-2022 *\/\n.elementor-heading-title{padding:0;margin:0;line-height:1}.elementor-widget-heading .elementor-heading-title[class*=elementor-size-]>a{color:inherit;font-size:inherit;line-height:inherit}.elementor-widget-heading .elementor-heading-title.elementor-size-small{font-size:15px}.elementor-widget-heading .elementor-heading-title.elementor-size-medium{font-size:19px}.elementor-widget-heading .elementor-heading-title.elementor-size-large{font-size:29px}.elementor-widget-heading .elementor-heading-title.elementor-size-xl{font-size:39px}.elementor-widget-heading .elementor-heading-title.elementor-size-xxl{font-size:59px}<\/style><h2 class=\"elementor-heading-title elementor-size-default\">Ch\u00ednh S\u00e1ch Kh\u00e1ch H\u00e0ng Th\u00e2n Thi\u1ebft\n<\/h2>\t\t<\/div>\n\t\t\t\t<\/div>\n\t\t\t\t<div class=\"elementor-element elementor-element-c84e89e elementor-widget elementor-widget-text-editor\" data-id=\"c84e89e\" data-element_type=\"widget\" data-widget_type=\"text-editor.default\">\n\t\t\t\t<div class=\"elementor-widget-container\">\n\t\t\t<style>\/*! elementor - v3.7.4 - 31-08-2022 *\/\n.elementor-widget-text-editor.elementor-drop-cap-view-stacked .elementor-drop-cap{background-color:#818a91;color:#fff}.elementor-widget-text-editor.elementor-drop-cap-view-framed .elementor-drop-cap{color:#818a91;border:3px solid;background-color:transparent}.elementor-widget-text-editor:not(.elementor-drop-cap-view-default) .elementor-drop-cap{margin-top:8px}.elementor-widget-text-editor:not(.elementor-drop-cap-view-default) .elementor-drop-cap-letter{width:1em;height:1em}.elementor-widget-text-editor .elementor-drop-cap{float:left;text-align:center;line-height:1;font-size:50px}.elementor-widget-text-editor .elementor-drop-cap-letter{display:inline-block}<\/style>\t\t\t\t<p>Nh\u1eb1m gi\u00fap gia t\u0103ng quy\u1ec1n l\u1ee3i c\u1ee7a kh\u00e1ch h\u00e0ng khi s\u1eed d\u1ee5ng d\u1ecbch v\u1ee5 c\u1ee7a h\u1ec7 th\u1ed1ng HT House, ch\u00fang t\u00f4i xin th\u00f4ng b\u00e1o quy\u1ec1n l\u1ee3i v\u00e0 ch\u00ednh s\u00e1ch c\u1ee7a kh\u00e1ch h\u00e0ng th\u00e2n thi\u1ebft \u0111\u1ed1i v\u1edbi kh\u00e1ch h\u00e0ng s\u1eed d\u1ee5ng t\u00e0i kho\u1ea3n c\u1ee7a h\u1ec7 th\u1ed1ng HT House.<\/p><p><b>I. C\u01a1 Ch\u1ebf T\u00edch \u0110i\u1ec3m Th\u00e0nh Vi\u00ean V\u00e0o T\u00e0i Kho\u1ea3n: <span class=\"big\">1 VN\u0110 = 1 \u0110i\u1ec3m<\/span><\/b><\/p><p>Ch\u1ee7 t\u00e0i kho\u1ea3n kh\u00e1ch h\u00e0ng th\u00e2n thi\u1ebft sau khi s\u1eed d\u1ee5ng d\u1ecbch v\u1ee5 c\u1ee7a h\u1ec7 th\u1ed1ng HT House s\u1ebd \u0111\u01b0\u1ee3c tham gia t\u00edch l\u0169y \u0111i\u1ec3m \u0111\u1ec3 nh\u1eadn \u0111\u01b0\u1ee3c nhi\u1ec1u \u01b0u \u0111\u00e3i c\u1ee7a HT House:<\/p>\t\t\t\t\t\t<\/div>\n\t\t\t\t<\/div>\n\t\t\t\t<div class=\"elementor-element elementor-element-0df28f3 elementor-widget elementor-widget-image\" data-id=\"0df28f3\" data-element_type=\"widget\" data-no-translation=\"\" data-widget_type=\"image.default\">\n\t\t\t\t<div class=\"elementor-widget-container\">\n\t\t\t<style>\/*! elementor - v3.7.4 - 31-08-2022 *\/\n.elementor-widget-image{text-align:center}.elementor-widget-image a{display:inline-block}.elementor-widget-image a img[src$=\".svg\"]{width:48px}.elementor-widget-image img{vertical-align:middle;display:inline-block}<\/style><style>.elementor-element-0df28f3{display:none !important}<\/style>\t\t<\/div>\n\t\t\t\t<\/div>\n\t\t\t\t<div class=\"elementor-element elementor-element-66880cc elementor-widget elementor-widget-image\" data-id=\"66880cc\" data-element_type=\"widget\" data-no-translation=\"\" data-widget_type=\"image.default\">\n\t\t\t\t<div class=\"elementor-widget-container\">\n\t\t\t\t\t\t\t\t\t\t\t\t\t\t\t<img loading=\"lazy\" decoding=\"async\" width=\"1920\" height=\"1760\" src=\"https:\/\/hthousevn.com\/wp-content\/uploads\/2025\/04\/3.png\" class=\"attachment-full size-full\" alt=\"\" srcset=\"https:\/\/hthousevn.com\/wp-content\/uploads\/2025\/04\/3.png 1920w, https:\/\/hthousevn.com\/wp-content\/uploads\/2025\/04\/3-300x275.png 300w, https:\/\/hthousevn.com\/wp-content\/uploads\/2025\/04\/3-1117x1024.png 1117w, https:\/\/hthousevn.com\/wp-content\/uploads\/2025\/04\/3-768x704.png 768w, https:\/\/hthousevn.com\/wp-content\/uploads\/2025\/04\/3-1536x1408.png 1536w, https:\/\/hthousevn.com\/wp-content\/uploads\/2025\/04\/3-13x12.png 13w\" sizes=\"auto, (max-width: 1920px) 100vw, 1920px\" \/>\t\t\t\t\t\t\t\t\t\t\t\t\t\t\t<\/div>\n\t\t\t\t<\/div>\n\t\t\t\t<div class=\"elementor-element elementor-element-9a605a1 elementor-widget elementor-widget-text-editor\" data-id=\"9a605a1\" data-element_type=\"widget\" data-widget_type=\"text-editor.default\">\n\t\t\t\t<div class=\"elementor-widget-container\">\n\t\t\t\t\t\t\t<p><strong><em>*L\u01b0u \u00fd:<\/em><\/strong><br \/>- \u01afu \u0111\u00e3i sinh nh\u1eadt s\u1ebd \u0111\u01b0\u1ee3c \u00e1p d\u1ee5ng 7 ng\u00e0y tr\u01b0\u1edbc, 7 ng\u00e0y sau v\u00e0 \u0111\u00fang ng\u00e0y sinh nh\u1eadt c\u1ee7a kh\u00e1ch h\u00e0ng. T\u1ed5ng c\u1ed9ng 15 ng\u00e0y.<br \/>- Gi\u00e1 tr\u1ecb t\u00edch l\u0169y n\u00e2ng h\u1ea1ng l\u00e0 gi\u00e1 tr\u1ecb ho\u00e1 \u0111\u01a1n sau khi tr\u1eeb c\u00e1c khuy\u1ebfn m\u00e3i, chi\u1ebft kh\u1ea5u h\u1ee3p l\u1ec7.<br \/>- S\u1ed1 \u0111i\u1ec3m t\u00edch l\u0169y s\u1ebd \u0111\u01b0\u1ee3c c\u1eadp nh\u1eadt trong v\u00f2ng 24 ti\u1ebfng t\u1eeb khi qu\u00fd kh\u00e1ch s\u1eed d\u1ee5ng xong d\u1ecbch v\u1ee5<\/p><p><b>1. Ti\u00eau ch\u00ed x\u00e9t h\u1ea1ng:<\/b> D\u1ef1a tr\u00ean t\u1ed5ng chi ti\u00eau t\u1ea1i c\u00e1c nh\u00e0 h\u00e0ng\/d\u1ecbch v\u1ee5 c\u1ee7a HT House trong 1 n\u0103m. Khi <span><i>\u0111\u1ea1t \u0111\u1ee7 ti\u00eau chu\u1ea9n<\/i><\/span> th\u00ec kh\u00e1ch s\u1ebd <span><i>l\u00ean h\u1ea1ng ngay<\/i><\/span> nh\u01b0ng m\u1ee9c t\u00edch l\u0169y m\u1edbi s\u1ebd \u0111\u01b0\u1ee3c \u00e1p d\u1ee5ng v\u00e0o h\u00f3a \u0111\u01a1n sau.<\/p><p><b>2. Duy tr\u00ec h\u1ea1ng:<\/b> H\u1ea1ng s\u1ebd \u0111\u01b0\u1ee3c x\u00e9t l\u1ea1i h\u00e0ng n\u0103m. Qu\u00fd kh\u00e1ch c\u00f3 th\u1ec3 duy tr\u00ec h\u1ea1ng th\u00e0nh vi\u00ean <span><i>trong v\u00f2ng nhi\u1ec1u nh\u1ea5t 1 n\u0103m li\u1ec1n k\u1ec1. <\/i><\/span><\/p><p><b>V\u00ed d\u1ee5:<\/b> kh\u00e1ch A \u0111\u0103ng k\u00fd th\u00e0nh vi\u00ean t\u1eeb 10.2024 v\u00e0 \u0111ang \u1edf h\u1ea1ng Gold Gourmand v\u00e0o cu\u1ed1i n\u0103m 2024. Ng\u00e0y 1\/1\/2025 l\u00e0 ng\u00e0y x\u00e9t h\u1ea1ng th\u00e0nh vi\u00ean c\u1ee7a n\u0103m 2025.  Kh\u00e1ch A v\u1eabn gi\u1eef \u0111\u01b0\u1ee3c h\u1ea1ng<span><i> Gold Gourmand v\u00e0 \u01b0u \u0111\u00e3i cho th\u00e0nh vi\u00ean Gold Gourmand \u0111\u1ebfn h\u1ebft 31\/12\/2025.<\/i><\/span> Khi x\u00e9t h\u1ea1ng n\u0103m 2026, n\u1ebfu t\u1ed5ng chi ti\u00eau kh\u00e1ch A trong n\u0103m 2025 kh\u00f4ng \u0111\u1ee7 10,000,000 s\u1ebd b\u1ecb h\u1ea1 xu\u1ed1ng<span><i> Silver Foodie.<\/i><\/span> N\u1ebfu tho\u1ea3 \u0111i\u1ec1u ki\u1ec7n ch\u1ec9 ti\u00eau y\u00eau c\u1ea7u, kh\u00e1ch A s\u1ebd ti\u1ebfp t\u1ee5c h\u1ea1ng <span><i>Gold Gourmand <\/i><\/span>ho\u1eb7c th\u0103ng h\u1ea1ng<span><i> Diamond Gastronome.<\/i><\/span><\/p><p><b>II. Ph\u00e2n Lo\u1ea1i H\u1ea1ng Th\u00e0nh Vi\u00ean:<\/b><\/p><p>- H\u1ea1ng <b>Silver Foodie<\/b>: Ngay khi kh\u00e1ch h\u00e0ng k\u00edch ho\u1ea1t th\u00e0nh vi\u00ean s\u1ebd nh\u1eadn \u0111\u01b0\u1ee3c h\u1ea1ng th\u00e0nh vi\u00ean v\u00e0 chi ti\u00eau t\u00edch l\u0169y d\u01b0\u1edbi <span><i>10 tri\u1ec7u\/ n\u0103m.<\/i><\/span><br \/>- H\u1ea1ng <b>Gold Gourmand<\/b>: T\u00e0i kho\u1ea3n kh\u00e1ch h\u00e0ng \u0111\u00e3 k\u00edch ho\u1ea1t v\u00e0 c\u00f3 chi ti\u00eau t\u00edch l\u0169y<span><i> t\u1eeb 10 \u0111\u1ebfn 20 tri\u1ec7u\/ n\u0103m<\/i><\/span> s\u1ebd \u0111\u01b0\u1ee3c n\u00e2ng h\u1ea1ng th\u00e0nh vi\u00ean.<br \/>- H\u1ea1ng <b>Diamond Gastronome:<\/b> T\u00e0i kho\u1ea3n kh\u00e1ch h\u00e0ng \u0111\u00e3 k\u00edch ho\u1ea1t v\u00e0 c\u00f3 chi ti\u00eau t\u00edch l\u0169y<span><i> tr\u00ean 20 tri\u1ec7u\/ n\u0103m<\/i><\/span> s\u1ebd \u0111\u01b0\u1ee3c n\u00e2ng h\u1ea1ng th\u00e0nh vi\u00ean.<\/p><p><strong><em>*L\u01b0u \u00fd:<\/em><\/strong><br \/>- Sau khi kh\u00e1ch h\u00e0ng k\u00edch ho\u1ea1t s\u1ebd nh\u1eadn \u0111\u01b0\u1ee3c h\u1ea1ng Silver Foodie. N\u1ebfu kh\u00e1ch \u1edf h\u1ea1ng Silver Foodie t\u00e0i kho\u1ea3n 0 \u0111i\u1ec3m v\u00e0 c\u00f3 chi ti\u00eau 1 l\u1ea7n v\u1edbi gi\u00e1 tr\u1ecb ho\u00e1 \u0111\u01a1n tr\u00ean 20 tri\u1ec7u kh\u00e1ch s\u1ebd \u0111\u01b0\u1ee3c n\u00e2ng l\u00ean h\u1ea1ng Diamond Gastronome.<br \/>- H\u1ea1ng th\u1ebb c\u1ee7a kh\u00e1ch h\u00e0ng s\u1ebd \u0111\u01b0\u1ee3c x\u00e9t l\u1ea1i v\u00e0o ng\u00e0y 01\/01 h\u00e0ng n\u0103m.<br \/>- Gi\u00e1 tr\u1ecb t\u00edch l\u0169y n\u00e2ng h\u1ea1ng l\u00e0 gi\u00e1 tr\u1ecb ho\u00e1 \u0111\u01a1n sau khi tr\u1eeb c\u00e1c khuy\u1ebfn m\u00e3i, chi\u1ebft kh\u1ea5u h\u1ee3p l\u1ec7.<\/p><p><b>Danh s\u00e1ch c\u00e1c \u0111\u1ecba \u0111i\u1ec3m \u00e1p d\u1ee5ng ch\u01b0\u01a1ng tr\u00ecnh Kh\u00e1ch H\u00e0ng Th\u00e2n Thi\u1ebft:<\/b><\/p><p>1. TukTuk Thai Bistro S\u00e0i G\u00f2n<br \/>2. Rico Taco \u2013 Mexican Kitchen<br \/>3. B\u1ebfp \u1ed0c S\u00e0i G\u00f2n<\/p><p>HT House ch\u00e2n th\u00e0nh c\u1ea3m \u01a1n qu\u00fd kh\u00e1ch h\u00e0ng \u0111\u00e3 lu\u00f4n y\u00eau m\u1ebfn v\u00e0 l\u1ef1a ch\u1ecdn d\u1ecbch v\u1ee5 c\u1ee7a ch\u00fang t\u00f4i. H\u1eb9n g\u1eb7p l\u1ea1i qu\u00fd kh\u00e1ch trong nh\u1eefng l\u1ea7n d\u00f9ng b\u1eefa ti\u1ebfp theo!<\/p><p><strong>HOTLINE \u0110\u1eb6T B\u00c0N: 028 3825 1676<\/strong><\/p><p><strong>Link \u0111\u0103ng k\u00fd h\u1ed9i vi\u00ean ho\u1eb7c scan m\u00e3 d\u01b0\u1edbi:<\/strong> <a href=\"https:\/\/crm.hthousevn.com\/login#1\">https:\/\/crm.hthousevn.com\/<\/a><\/p><div class=\"btn-bubble-icon\">\u00a0<\/div>\t\t\t\t\t\t<\/div>\n\t\t\t\t<\/div>\n\t\t\t\t<div class=\"elementor-element elementor-element-e52fa26 elementor-widget elementor-widget-image\" data-id=\"e52fa26\" data-element_type=\"widget\" data-widget_type=\"image.default\">\n\t\t\t\t<div class=\"elementor-widget-container\">\n\t\t\t\t\t\t\t\t\t\t\t\t\t\t\t<img loading=\"lazy\" decoding=\"async\" width=\"800\" height=\"800\" src=\"https:\/\/hthousevn.com\/wp-content\/uploads\/2024\/09\/HTH-CRM-1.png\" class=\"attachment-large size-large\" alt=\"\" srcset=\"https:\/\/hthousevn.com\/wp-content\/uploads\/2024\/09\/HTH-CRM-1.png 1024w, https:\/\/hthousevn.com\/wp-content\/uploads\/2024\/09\/HTH-CRM-1-300x300.png 300w, https:\/\/hthousevn.com\/wp-content\/uploads\/2024\/09\/HTH-CRM-1-150x150.png 150w, https:\/\/hthousevn.com\/wp-content\/uploads\/2024\/09\/HTH-CRM-1-768x768.png 768w, https:\/\/hthousevn.com\/wp-content\/uploads\/2024\/09\/HTH-CRM-1-12x12.png 12w\" sizes=\"auto, (max-width: 800px) 100vw, 800px\" \/>\t\t\t\t\t\t\t\t\t\t\t\t\t\t\t<\/div>\n\t\t\t\t<\/div>\n\t\t\t\t<div class=\"elementor-element elementor-element-ce14432 elementor-widget elementor-widget-html\" data-id=\"ce14432\" data-element_type=\"widget\" data-widget_type=\"html.default\">\n\t\t\t\t<div class=\"elementor-widget-container\">\n\t\t\t<style>\n    .big\n    {\n        font-size: 24px;\n        color:red;\n    }\n    red\n    {\n        color: red;\n    }\n   \n<\/style>\t\t<\/div>\n\t\t\t\t<\/div>\n\t\t\t\t\t<\/div>\n\t\t<\/div>\n\t\t\t\t\t\t\t<\/div>\n\t\t<\/section>\n\t\t\t\t\t\t\t<\/div>","protected":false},"excerpt":{"rendered":"<p>Loyalty Policy To enhance the satisfaction of customers when using the services of the HT House, we would like to announce the loyalty policies of HT House. I. Mechanism of accumulated points: 1 VND = 1 Point After using services of the HT House, customers will be able to participate in our loyalty program *Note:&#8211; [&hellip;]<\/p>","protected":false},"author":1,"featured_media":0,"parent":0,"menu_order":0,"comment_status":"closed","ping_status":"closed","template":"elementor_header_footer","meta":{"footnotes":""},"class_list":["post-1261","page","type-page","status-publish","hentry"],"_links":{"self":[{"href":"https:\/\/hthousevn.com\/vi\/wp-json\/wp\/v2\/pages\/1261","targetHints":{"allow":["GET"]}}],"collection":[{"href":"https:\/\/hthousevn.com\/vi\/wp-json\/wp\/v2\/pages"}],"about":[{"href":"https:\/\/hthousevn.com\/vi\/wp-json\/wp\/v2\/types\/page"}],"author":[{"embeddable":true,"href":"https:\/\/hthousevn.com\/vi\/wp-json\/wp\/v2\/users\/1"}],"replies":[{"embeddable":true,"href":"https:\/\/hthousevn.com\/vi\/wp-json\/wp\/v2\/comments?post=1261"}],"version-history":[{"count":58,"href":"https:\/\/hthousevn.com\/vi\/wp-json\/wp\/v2\/pages\/1261\/revisions"}],"predecessor-version":[{"id":1438,"href":"https:\/\/hthousevn.com\/vi\/wp-json\/wp\/v2\/pages\/1261\/revisions\/1438"}],"wp:attachment":[{"href":"https:\/\/hthousevn.com\/vi\/wp-json\/wp\/v2\/media?parent=1261"}],"curies":[{"name":"wp","href":"https:\/\/api.w.org\/{rel}","templated":true}]}}